{"id":75,"date":"2025-09-02T16:56:02","date_gmt":"2025-09-02T16:56:02","guid":{"rendered":"https:\/\/limberfitmenorca.com\/?page_id=75"},"modified":"2025-09-09T09:32:55","modified_gmt":"2025-09-09T09:32:55","slug":"politica-de-privacidad","status":"publish","type":"page","link":"https:\/\/limberfitmenorca.com\/index.php\/es\/politica-de-privacidad\/","title":{"rendered":"Pol\u00edtica de privacidad"},"content":{"rendered":"\n<p><strong>Responsable del tratamiento<\/strong><\/p>\n\n\n\n<ul class=\"wp-block-list\">\n<li>Identidad: <strong>Josep Franco Segu\u00ed<\/strong><\/li>\n\n\n\n<li>NIF: <strong>41743343-E<\/strong><\/li>\n\n\n\n<li>Direcci\u00f3n: <strong>C\/ Mar\u00eda Auxiliadora 6, 07760 Ciutadella de Menorca, Espa\u00f1a<\/strong><\/li>\n\n\n\n<li>Correo electr\u00f3nico: <strong><a>info@limberfitmenorca.com<\/a><\/strong><\/li>\n\n\n\n<li>Web: <strong><a href=\"http:\/\/www.limberfitmenorca.com\">www.limberfitmenorca.com<\/a><\/strong><\/li>\n<\/ul>\n\n\n\n<p><strong>Finalidad<\/strong><br>Los datos que facilites a trav\u00e9s del formulario de contacto ser\u00e1n utilizados \u00fanicamente para atender tu consulta o petici\u00f3n.<\/p>\n\n\n\n<p><strong>Legitimaci\u00f3n<\/strong><br>El tratamiento de tus datos se basa en tu consentimiento, otorgado al enviar el formulario.<\/p>\n\n\n\n<p><strong>Destinatarios<\/strong><br>No se ceder\u00e1n datos a terceros, salvo obligaci\u00f3n legal.<\/p>\n\n\n\n<p><strong>Derechos<\/strong><br>Puedes ejercer los derechos de acceso, rectificaci\u00f3n, supresi\u00f3n, oposici\u00f3n, limitaci\u00f3n del tratamiento y portabilidad, enviando una solicitud junto con una copia de tu DNI a <strong><a>info@limberfitmenorca.com<\/a><\/strong>.<\/p>\n\n\n\n<p><strong>Conservaci\u00f3n<\/strong><br>Los datos se conservar\u00e1n el tiempo necesario para gestionar tu consulta y, en todo caso, durante los plazos legales aplicables.<\/p>\n\n\n\n<p><strong>Medidas de seguridad<\/strong><br>Tus datos ser\u00e1n tratados de forma confidencial y se aplicar\u00e1n las medidas t\u00e9cnicas y organizativas necesarias para garantizar su seguridad.<\/p>\n","protected":false},"excerpt":{"rendered":"<p>Responsable del tratamiento FinalidadLos datos que facilites a trav\u00e9s del formulario de contacto ser\u00e1n utilizados \u00fanicamente para atender tu consulta o petici\u00f3n. Legitimaci\u00f3nEl tratamiento de tus datos se basa en tu consentimiento, otorgado al enviar el formulario. DestinatariosNo se ceder\u00e1n datos a terceros, salvo obligaci\u00f3n legal. DerechosPuedes ejercer los derechos de acceso, rectificaci\u00f3n, supresi\u00f3n, oposici\u00f3n, [&hellip;]<\/p>\n","protected":false},"author":1,"featured_media":0,"parent":0,"menu_order":0,"comment_status":"closed","ping_status":"closed","template":"","meta":{"_acf_changed":false,"footnotes":""},"class_list":["post-75","page","type-page","status-publish","hentry"],"acf":[],"_links":{"self":[{"href":"https:\/\/limberfitmenorca.com\/index.php\/wp-json\/wp\/v2\/pages\/75","targetHints":{"allow":["GET"]}}],"collection":[{"href":"https:\/\/limberfitmenorca.com\/index.php\/wp-json\/wp\/v2\/pages"}],"about":[{"href":"https:\/\/limberfitmenorca.com\/index.php\/wp-json\/wp\/v2\/types\/page"}],"author":[{"embeddable":true,"href":"https:\/\/limberfitmenorca.com\/index.php\/wp-json\/wp\/v2\/users\/1"}],"replies":[{"embeddable":true,"href":"https:\/\/limberfitmenorca.com\/index.php\/wp-json\/wp\/v2\/comments?post=75"}],"version-history":[{"count":3,"href":"https:\/\/limberfitmenorca.com\/index.php\/wp-json\/wp\/v2\/pages\/75\/revisions"}],"predecessor-version":[{"id":353,"href":"https:\/\/limberfitmenorca.com\/index.php\/wp-json\/wp\/v2\/pages\/75\/revisions\/353"}],"wp:attachment":[{"href":"https:\/\/limberfitmenorca.com\/index.php\/wp-json\/wp\/v2\/media?parent=75"}],"curies":[{"name":"wp","href":"https:\/\/api.w.org\/{rel}","templated":true}]}}