{"id":354,"date":"2025-09-09T09:33:11","date_gmt":"2025-09-09T09:33:11","guid":{"rendered":"https:\/\/limberfitmenorca.com\/?page_id=354"},"modified":"2025-09-09T09:41:49","modified_gmt":"2025-09-09T09:41:49","slug":"aviso-legal","status":"publish","type":"page","link":"https:\/\/limberfitmenorca.com\/index.php\/aviso-legal\/","title":{"rendered":"Aviso Legal"},"content":{"rendered":"\n<p>En compliment amb el deure informaci\u00f3 recollit a la Llei 34\/2002, de Serveis de la Societat de la Informaci\u00f3 i del Comer\u00e7 Electr\u00f2nic (LSSI-CE), s&#8217;informa que:<\/p>\n\n\n\n<ul class=\"wp-block-list\">\n<li><strong>Titular<\/strong>: Josep Franco Segu\u00ed<\/li>\n\n\n\n<li><strong>NIF<\/strong>: 41743343-E<\/li>\n\n\n\n<li><strong>Direcci\u00f3<\/strong>: C\/ Maria Auxiliadora 6, 07760 Ciutadella de Menorca, Espanya<\/li>\n\n\n\n<li><strong>Correu electr\u00f2nic<\/strong>: <a>info@limberfitmenorca.com<\/a><\/li>\n\n\n\n<li><strong>Domini<\/strong>: <a href=\"http:\/\/www.limberfitmenorca.com\">www.limberfitmenorca.com<\/a><\/li>\n<\/ul>\n\n\n\n<p><strong>Condicions d&#8217;\u00fas<\/strong><br>L&#8217;acc\u00e9s i la navegaci\u00f3 per aquesta web implica l&#8217;acceptaci\u00f3 dels termes d&#8217;\u00fas establerts en aquest av\u00eds legal.<\/p>\n\n\n\n<p><strong>Propietat intel\u00b7lectual i industrial<\/strong><br>Els continguts d&#8217;aquesta web, incloent-hi textos, imatges i codi, s\u00f3n propietat del titular o de tercers autoritzats. Queda prohibida la reproducci\u00f3 sense autoritzaci\u00f3.<\/p>\n\n\n\n<p><strong>Limitaci\u00f3 de responsabilitat<\/strong><br>El titular no es responsabilitza del mal \u00fas que es faci de la informaci\u00f3 de la web ni de danys derivats de l&#8217;\u00fas d&#8217;enlla\u00e7os externs.<\/p>\n","protected":false},"excerpt":{"rendered":"<p>En compliment amb el deure informaci\u00f3 recollit a la Llei 34\/2002, de Serveis de la Societat de la Informaci\u00f3 i del Comer\u00e7 Electr\u00f2nic (LSSI-CE), s&#8217;informa que: Condicions d&#8217;\u00fasL&#8217;acc\u00e9s i la navegaci\u00f3 per aquesta web implica l&#8217;acceptaci\u00f3 dels termes d&#8217;\u00fas establerts en aquest av\u00eds legal. Propietat intel\u00b7lectual i industrialEls continguts d&#8217;aquesta web, incloent-hi textos, imatges i [&hellip;]<\/p>\n","protected":false},"author":1,"featured_media":0,"parent":0,"menu_order":0,"comment_status":"closed","ping_status":"closed","template":"","meta":{"_acf_changed":false,"footnotes":""},"class_list":["post-354","page","type-page","status-publish","hentry"],"acf":[],"_links":{"self":[{"href":"https:\/\/limberfitmenorca.com\/index.php\/wp-json\/wp\/v2\/pages\/354","targetHints":{"allow":["GET"]}}],"collection":[{"href":"https:\/\/limberfitmenorca.com\/index.php\/wp-json\/wp\/v2\/pages"}],"about":[{"href":"https:\/\/limberfitmenorca.com\/index.php\/wp-json\/wp\/v2\/types\/page"}],"author":[{"embeddable":true,"href":"https:\/\/limberfitmenorca.com\/index.php\/wp-json\/wp\/v2\/users\/1"}],"replies":[{"embeddable":true,"href":"https:\/\/limberfitmenorca.com\/index.php\/wp-json\/wp\/v2\/comments?post=354"}],"version-history":[{"count":2,"href":"https:\/\/limberfitmenorca.com\/index.php\/wp-json\/wp\/v2\/pages\/354\/revisions"}],"predecessor-version":[{"id":358,"href":"https:\/\/limberfitmenorca.com\/index.php\/wp-json\/wp\/v2\/pages\/354\/revisions\/358"}],"wp:attachment":[{"href":"https:\/\/limberfitmenorca.com\/index.php\/wp-json\/wp\/v2\/media?parent=354"}],"curies":[{"name":"wp","href":"https:\/\/api.w.org\/{rel}","templated":true}]}}